{"id":17062,"date":"2020-03-06T15:42:05","date_gmt":"2020-03-06T16:42:05","guid":{"rendered":"https:\/\/casadabaia.com\/termes-et-conditions\/"},"modified":"2022-08-19T12:25:18","modified_gmt":"2022-08-19T12:25:18","slug":"termes-et-conditions","status":"publish","type":"page","link":"https:\/\/casadabaia.com\/fr\/termes-et-conditions\/","title":{"rendered":"Termes et Conditions"},"content":{"rendered":"\n<p><strong>Essential Information<\/strong><\/p>\n\n<p>Enregistrement entre 14 h 00 et 21 h 00 &#8211; Vous devrez pr\u00e9senter une pi\u00e8ce d&rsquo;identit\u00e9 avec photo et une carte de cr\u00e9dit lors de l&rsquo;enregistrement.<\/p>\n\n<p>D\u00e9part 07h00 &#8211; 11h00<\/p>\n\n<p>Les conditions d&rsquo;annulation et de pr\u00e9paiement varient en fonction du type d&rsquo;h\u00e9bergement.<\/p>\n\n<p><strong>Conditions des enfants<\/strong><\/p>\n\n<p>Tous les enfants sont les bienvenus.<\/p>\n\n<p>Cet \u00e9tablissement consid\u00e8re les enfants \u00e2g\u00e9s de 18 ans ou plus comme des adultes.<\/p>\n\n<p>Pour voir les prix corrects et les informations d&rsquo;occupation, veuillez ajouter le nombre d&rsquo;enfants dans votre groupe et leur \u00e2ge \u00e0 votre recherche.<\/p>\n\n<p><strong>Politique relative aux berceaux et aux lits suppl\u00e9mentaires<\/strong><\/p>\n\n<p>0 &#8211; 2 ans <\/p>\n\n<p>Lit b\u00e9b\u00e9 sur demande<\/p>\n\n<p>Lit suppl\u00e9mentaire sur demande : Gratuit<\/p>\n\n<p>3 &#8211; 5 ans<\/p>\n\n<p>Lit suppl\u00e9mentaire sur demande : Gratuit<\/p>\n\n<p>6 &#8211; 11 ans<\/p>\n\n<p> Lit suppl\u00e9mentaire sur demande : 7,50 \u20ac par enfant par nuit<\/p>\n\n<p>Les suppl\u00e9ments ne seront pas automatiquement calcul\u00e9s dans les co\u00fbts totaux et doivent \u00eatre pay\u00e9s s\u00e9par\u00e9ment pendant votre s\u00e9jour.<\/p>\n\n<p>Le nombre maximum de lits suppl\u00e9mentaires et de lits b\u00e9b\u00e9 d\u00e9pend de la chambre choisie. Veuillez v\u00e9rifier la chambre que vous avez choisie pour la capacit\u00e9 maximale.<\/p>\n\n<p>Tous les lits b\u00e9b\u00e9 et lits d&rsquo;appoint sont soumis \u00e0 disponibilit\u00e9.<\/p>\n\n<p><strong>Fumer<\/strong><\/p>\n\n<p>Il est interdit de fumer.<\/p>\n\n<p><strong>Des soir\u00e9es<\/strong><\/p>\n\n<p>Les f\u00eates\/\u00e9v\u00e9nements ne sont pas autoris\u00e9s<\/p>\n\n<p><strong>P\u00e9riode de repos<\/strong><\/p>\n\n<p>Les clients ne doivent pas faire de bruit entre 23h00 et 07h00.<\/p>\n\n<p><strong>Animaux domestiques<\/strong><\/p>\n\n<p>Les animaux ne sont pas accept\u00e9s.<\/p>\n","protected":false},"excerpt":{"rendered":"<p>Essential Information Enregistrement entre 14 h 00 et 21 h 00 &#8211; Vous devrez pr\u00e9senter une pi\u00e8ce d&rsquo;identit\u00e9 avec photo et une carte de cr\u00e9dit lors de l&rsquo;enregistrement. D\u00e9part 07h00 &#8211; 11h00 Les conditions d&rsquo;annulation et de pr\u00e9paiement varient en fonction du type d&rsquo;h\u00e9bergement. Conditions des enfants Tous les enfants sont les bienvenus. Cet \u00e9tablissement [&hellip;]<\/p>\n","protected":false},"author":1,"featured_media":0,"parent":0,"menu_order":0,"comment_status":"closed","ping_status":"closed","template":"","meta":{"footnotes":""},"_links":{"self":[{"href":"https:\/\/casadabaia.com\/fr\/wp-json\/wp\/v2\/pages\/17062"}],"collection":[{"href":"https:\/\/casadabaia.com\/fr\/wp-json\/wp\/v2\/pages"}],"about":[{"href":"https:\/\/casadabaia.com\/fr\/wp-json\/wp\/v2\/types\/page"}],"author":[{"embeddable":true,"href":"https:\/\/casadabaia.com\/fr\/wp-json\/wp\/v2\/users\/1"}],"replies":[{"embeddable":true,"href":"https:\/\/casadabaia.com\/fr\/wp-json\/wp\/v2\/comments?post=17062"}],"version-history":[{"count":0,"href":"https:\/\/casadabaia.com\/fr\/wp-json\/wp\/v2\/pages\/17062\/revisions"}],"wp:attachment":[{"href":"https:\/\/casadabaia.com\/fr\/wp-json\/wp\/v2\/media?parent=17062"}],"curies":[{"name":"wp","href":"https:\/\/api.w.org\/{rel}","templated":true}]}}