{"id":17060,"date":"2020-03-06T15:42:05","date_gmt":"2020-03-06T16:42:05","guid":{"rendered":"https:\/\/casadabaia.com\/terms-bedingungen\/"},"modified":"2022-08-19T12:33:46","modified_gmt":"2022-08-19T12:33:46","slug":"terms-bedingungen","status":"publish","type":"page","link":"https:\/\/casadabaia.com\/de\/terms-bedingungen\/","title":{"rendered":"Terms &amp; Bedingungen"},"content":{"rendered":"\n<p><strong>Wichtige Informationen<\/strong><\/p>\n\n<p>Check-in 14:00 Uhr bis 21:00 Uhr &#8211; G\u00e4ste m\u00fcssen beim Check-in einen Lichtbildausweis sowie die Kreditkarte vorlegen.<\/p>\n\n<p>Check-out 07:00 &#8211; 11:00 Uhr<\/p>\n\n<p>Die Stornierungs- und Vorauszahlungsbedingungen variieren je nach Art der Unterkunft.<\/p>\n\n<p><strong>Bedingungen f\u00fcr Kinder<\/strong><\/p>\n\n<p>Alle Kinder sind willkommen.<\/p>\n\n<p>Diese Unterkunft betrachtet Kinder ab 18 Jahren als Erwachsene.<\/p>\n\n<p>Um die korrekten Preise und Belegungsinformationen zu sehen, f\u00fcgen Sie bitte die Anzahl der Kinder in Ihrer Gruppe und deren Alter zu Ihrer Suche hinzu.<\/p>\n\n<p><strong>Richtlinien f\u00fcr Kinderbetten und Zustellbetten<\/strong><\/p>\n\n<p>0 &#8211; 2 Jahre <\/p>\n\n<p>Kinderbett auf Anfrage<\/p>\n\n<p>Zustellbett auf Anfrage: Kostenlos<\/p>\n\n<p>3 &#8211; 5 Jahre<\/p>\n\n<p>Zustellbett auf Anfrage: Kostenlos<\/p>\n\n<p>6 &#8211; 11 Jahre<\/p>\n\n<p> Zustellbett auf Anfrage: 7,50 \u20ac pro Kind und Nacht<\/p>\n\n<p>Zuschl\u00e4ge werden nicht automatisch in die Gesamtkosten eingerechnet und m\u00fcssen w\u00e4hrend Ihres Aufenthaltes separat bezahlt werden.<\/p>\n\n<p>Die maximale Anzahl an Zustell- und Babybetten h\u00e4ngt vom gew\u00e4hlten Zimmer ab. Bitte \u00fcberpr\u00fcfen Sie das von Ihnen gew\u00e4hlte Zimmer auf maximale Kapazit\u00e4t.<\/p>\n\n<p>Alle Kinder- und Zustellbetten unterliegen der Verf\u00fcgbarkeit.<\/p>\n\n<p><strong>Rauchen<\/strong><\/p>\n\n<p>Rauchen ist nicht gestattet.<\/p>\n\n<p><strong>Parteien<\/strong><\/p>\n\n<p>Partys\/Veranstaltungen sind nicht gestattet<\/p>\n\n<p><strong>Ruhezeit<\/strong><\/p>\n\n<p>G\u00e4ste d\u00fcrfen zwischen 23:00 und 07:00 Uhr keinen L\u00e4rm machen.<\/p>\n\n<p><strong>Haustiere<\/strong><\/p>\n\n<p>Haustiere sind nicht erlaubt.<\/p>\n","protected":false},"excerpt":{"rendered":"<p>Wichtige Informationen Check-in 14:00 Uhr bis 21:00 Uhr &#8211; G\u00e4ste m\u00fcssen beim Check-in einen Lichtbildausweis sowie die Kreditkarte vorlegen. Check-out 07:00 &#8211; 11:00 Uhr Die Stornierungs- und Vorauszahlungsbedingungen variieren je nach Art der Unterkunft. Bedingungen f\u00fcr Kinder Alle Kinder sind willkommen. Diese Unterkunft betrachtet Kinder ab 18 Jahren als Erwachsene. Um die korrekten Preise und [&hellip;]<\/p>\n","protected":false},"author":1,"featured_media":0,"parent":0,"menu_order":0,"comment_status":"closed","ping_status":"closed","template":"","meta":{"footnotes":""},"_links":{"self":[{"href":"https:\/\/casadabaia.com\/de\/wp-json\/wp\/v2\/pages\/17060"}],"collection":[{"href":"https:\/\/casadabaia.com\/de\/wp-json\/wp\/v2\/pages"}],"about":[{"href":"https:\/\/casadabaia.com\/de\/wp-json\/wp\/v2\/types\/page"}],"author":[{"embeddable":true,"href":"https:\/\/casadabaia.com\/de\/wp-json\/wp\/v2\/users\/1"}],"replies":[{"embeddable":true,"href":"https:\/\/casadabaia.com\/de\/wp-json\/wp\/v2\/comments?post=17060"}],"version-history":[{"count":0,"href":"https:\/\/casadabaia.com\/de\/wp-json\/wp\/v2\/pages\/17060\/revisions"}],"wp:attachment":[{"href":"https:\/\/casadabaia.com\/de\/wp-json\/wp\/v2\/media?parent=17060"}],"curies":[{"name":"wp","href":"https:\/\/api.w.org\/{rel}","templated":true}]}}